{"id":23,"date":"2020-11-19T15:25:46","date_gmt":"2020-11-19T15:25:46","guid":{"rendered":"http:\/\/phoeniciabusinesscenter.ro\/?page_id=23"},"modified":"2024-09-26T14:20:59","modified_gmt":"2024-09-26T14:20:59","slug":"oferte","status":"publish","type":"page","link":"https:\/\/phoeniciabusinesscenter.ro\/?page_id=23","title":{"rendered":"Oferte"},"content":{"rendered":"\n<p>Suprafata totala a spatiilor disponibile este de 1821,60 m.p.&nbsp; dispusa astfel:<\/p>\n\n\n\n<p>Etaj 7: \u00a0170,20 m.p<\/p>\n\n\n\n<p>Parter : 127,70 m.p.<\/p>\n\n\n\n<p>Etaj 4 : 124 m.p<\/p>\n\n\n\n<p>Etaj 5: 193,30 m.p<\/p>\n\n\n\n<p>Etaj 6: 1206,40 m.p<\/p>\n\n\n\n<p>Servicii incluse in mentenanta spatiilor comune: &nbsp;servicii administrative, de cur\u0103\u021benie p\u0103r\u021bi comune, asigurare consumabile grupuri sanitare, evacuarea de\u015feurilor menajere selectate de c\u0103tre Locatar \u015fi depozitate de c\u0103tre acesta doar&nbsp; \u020bn recipien\u021bii speciali de precolectare amplasa\u021bi \u020bn exteriorul cl\u0103dirii, paz\u0103-portar la intrarea principal\u0103 a imobilului, \u020bntre\u021binerea, reviziile \u0219i utilit\u0103\u021bile utilajelor \u015fi echipamentelor ce deservesc p\u0103r\u021bile comune, impozit proprietate \u0219i asigurare cl\u0103dire.<\/p>\n\n\n\n<p>V\u0103 asigur\u0103m de o abordare flexibil\u0103 \u0219i realist\u0103 din partea noastr\u0103, chiria put\u00e2nd fi negociat\u0103 de p\u0103r\u021bile contractante \u00een func\u021bie de suprafa\u021ba spa\u021biului \u00eenchiriat , perioada contractual\u0103 etc.<\/p>\n\n\n\n<p><strong>Pentru detalii:<\/strong><br><strong>E-mail<\/strong>:&nbsp;<a href=\"mailto:office@phoeniciabusinesscenter.ro\">office@phoeniciabusinesscenter.ro<\/a><br><\/p>\n\n\n\n<figure class=\"wp-block-image size-large\"><img loading=\"lazy\" decoding=\"async\" width=\"346\" height=\"62\" src=\"https:\/\/phoeniciabusinesscenter.ro\/wp-content\/uploads\/2020\/11\/logo-ok-1.png\" alt=\"\" class=\"wp-image-112\" srcset=\"https:\/\/phoeniciabusinesscenter.ro\/wp-content\/uploads\/2020\/11\/logo-ok-1.png 346w, https:\/\/phoeniciabusinesscenter.ro\/wp-content\/uploads\/2020\/11\/logo-ok-1-300x54.png 300w\" sizes=\"auto, (max-width: 346px) 100vw, 346px\" \/><\/figure>\n\n\n\n<p>Strada Turturelelor &#8211; Nr. 11A, Sector 3, Bucuresti, Tel: +40742224534<\/p>\n","protected":false},"excerpt":{"rendered":"<p>Suprafata totala a spatiilor disponibile este de 1821,60 m.p.&nbsp; dispusa astfel: Etaj 7: \u00a0170,20 m.p Parter : 127,70 m.p. Etaj 4 : 124 m.p Etaj 5: 193,30 m.p Etaj 6:&hellip;<a href=\"https:\/\/phoeniciabusinesscenter.ro\/?page_id=23\" class=\"more-link\"><span class=\"more-button\">Continue reading<span class=\"screen-reader-text\">Oferte<\/span><\/span><\/a><\/p>\n","protected":false},"author":1,"featured_media":163,"parent":0,"menu_order":0,"comment_status":"closed","ping_status":"closed","template":"","meta":{"footnotes":""},"class_list":["post-23","page","type-page","status-publish","has-post-thumbnail","hentry"],"post_mailing_queue_ids":[],"_links":{"self":[{"href":"https:\/\/phoeniciabusinesscenter.ro\/index.php?rest_route=\/wp\/v2\/pages\/23","targetHints":{"allow":["GET"]}}],"collection":[{"href":"https:\/\/phoeniciabusinesscenter.ro\/index.php?rest_route=\/wp\/v2\/pages"}],"about":[{"href":"https:\/\/phoeniciabusinesscenter.ro\/index.php?rest_route=\/wp\/v2\/types\/page"}],"author":[{"embeddable":true,"href":"https:\/\/phoeniciabusinesscenter.ro\/index.php?rest_route=\/wp\/v2\/users\/1"}],"replies":[{"embeddable":true,"href":"https:\/\/phoeniciabusinesscenter.ro\/index.php?rest_route=%2Fwp%2Fv2%2Fcomments&post=23"}],"version-history":[{"count":11,"href":"https:\/\/phoeniciabusinesscenter.ro\/index.php?rest_route=\/wp\/v2\/pages\/23\/revisions"}],"predecessor-version":[{"id":238,"href":"https:\/\/phoeniciabusinesscenter.ro\/index.php?rest_route=\/wp\/v2\/pages\/23\/revisions\/238"}],"wp:featuredmedia":[{"embeddable":true,"href":"https:\/\/phoeniciabusinesscenter.ro\/index.php?rest_route=\/wp\/v2\/media\/163"}],"wp:attachment":[{"href":"https:\/\/phoeniciabusinesscenter.ro\/index.php?rest_route=%2Fwp%2Fv2%2Fmedia&parent=23"}],"curies":[{"name":"wp","href":"https:\/\/api.w.org\/{rel}","templated":true}]}}