{"id":2,"date":"2020-11-19T13:02:43","date_gmt":"2020-11-19T13:02:43","guid":{"rendered":"http:\/\/phoeniciabusinesscenter.ro\/?page_id=2"},"modified":"2022-11-01T12:38:59","modified_gmt":"2022-11-01T12:38:59","slug":"sample-page","status":"publish","type":"page","link":"https:\/\/phoeniciabusinesscenter.ro\/","title":{"rendered":"Despre"},"content":{"rendered":"\n<p>Beneficiind de o amplasare privilegiat\u0103,&nbsp;<strong>Phoenicia Business Center<\/strong>, cl\u0103dire modern\u0103 , cu regim de \u00een\u0103l\u021bime S+D+P+8E, situat\u0103 \u00een&nbsp;<strong>centrul Bucure\u0219tiului<\/strong>&nbsp;\u00een apropiere de&nbsp;<strong>Pia\u021ba Unirii<\/strong>&nbsp;\u0219i cu acces facil din bulevardul cu acela\u0219i nume, reprezint\u0103 op\u021biunea ideal\u0103 pentru companiile care doresc s\u0103 desf\u0103\u0219oare activit\u0103\u021bi de birou \u00een zona de&nbsp;<strong>maxim interes a capitalei<\/strong>.<\/p>\n\n\n\n<p>Proximitatea numeroaselor institu\u021bii financiare \u0219i juridice, Camera Comer\u021bului \u0219i Industriei, accesul u\u0219or c\u0103tre zona central\u0103 \u0219i nu numai a Bucure\u0219tiului, reprezint\u0103 avantaje pentru cei ce decid s\u0103-\u0219i dezvolte afacerile\/consolideze business-ul \u00eenchiriind&nbsp;<strong>spa\u021bii de birouri<\/strong>&nbsp;\u00een aceast\u0103 loca\u021bie.<\/p>\n\n\n\n<p>\u00cen cl\u0103dire \u00ee\u0219i desf\u0103soar\u0103 activitatea societ\u0103\u021bi de renume na\u021bional \u0219i interna\u021bional \u00eenc\u0103 din anul 2009 de c\u00e2nd a fost dat\u0103 \u00een folosin\u021b\u0103.<\/p>\n\n\n\n<p>\u00cen speran\u021ba c\u0103 prezentarea imobilului&nbsp;<strong>Phoenicia Business Center<\/strong>&nbsp;v-a atras interesul pentru proiectul nostru, v\u0103 a\u0219tept\u0103m s\u0103 viziona\u021bi spa\u021biile oferite spre \u00eenchiriere.<\/p>\n\n\n\n<p>Strada Turturelelor &#8211; Nr. 11A, Sector 3, Bucuresti, E-mail:&nbsp;<a href=\"mailto:office@phoeniciabusinesscenter.ro\">office@phoeniciabusinesscenter.ro<\/a>, Tel: +40742224534<\/p>\n","protected":false},"excerpt":{"rendered":"<p>Beneficiind de o amplasare privilegiat\u0103,&nbsp;Phoenicia Business Center, cl\u0103dire modern\u0103 , cu regim de \u00een\u0103l\u021bime S+D+P+8E, situat\u0103 \u00een&nbsp;centrul Bucure\u0219tiului&nbsp;\u00een apropiere de&nbsp;Pia\u021ba Unirii&nbsp;\u0219i cu acces facil din bulevardul cu acela\u0219i nume, reprezint\u0103&hellip;<a href=\"https:\/\/phoeniciabusinesscenter.ro\/\" class=\"more-link\"><span class=\"more-button\">Continue reading<span class=\"screen-reader-text\">Despre<\/span><\/span><\/a><\/p>\n","protected":false},"author":1,"featured_media":158,"parent":0,"menu_order":0,"comment_status":"closed","ping_status":"open","template":"","meta":{"footnotes":""},"class_list":["post-2","page","type-page","status-publish","has-post-thumbnail","hentry"],"post_mailing_queue_ids":[],"_links":{"self":[{"href":"https:\/\/phoeniciabusinesscenter.ro\/index.php?rest_route=\/wp\/v2\/pages\/2","targetHints":{"allow":["GET"]}}],"collection":[{"href":"https:\/\/phoeniciabusinesscenter.ro\/index.php?rest_route=\/wp\/v2\/pages"}],"about":[{"href":"https:\/\/phoeniciabusinesscenter.ro\/index.php?rest_route=\/wp\/v2\/types\/page"}],"author":[{"embeddable":true,"href":"https:\/\/phoeniciabusinesscenter.ro\/index.php?rest_route=\/wp\/v2\/users\/1"}],"replies":[{"embeddable":true,"href":"https:\/\/phoeniciabusinesscenter.ro\/index.php?rest_route=%2Fwp%2Fv2%2Fcomments&post=2"}],"version-history":[{"count":11,"href":"https:\/\/phoeniciabusinesscenter.ro\/index.php?rest_route=\/wp\/v2\/pages\/2\/revisions"}],"predecessor-version":[{"id":219,"href":"https:\/\/phoeniciabusinesscenter.ro\/index.php?rest_route=\/wp\/v2\/pages\/2\/revisions\/219"}],"wp:featuredmedia":[{"embeddable":true,"href":"https:\/\/phoeniciabusinesscenter.ro\/index.php?rest_route=\/wp\/v2\/media\/158"}],"wp:attachment":[{"href":"https:\/\/phoeniciabusinesscenter.ro\/index.php?rest_route=%2Fwp%2Fv2%2Fmedia&parent=2"}],"curies":[{"name":"wp","href":"https:\/\/api.w.org\/{rel}","templated":true}]}}